{"id":19,"date":"2017-11-16T11:16:19","date_gmt":"2017-11-16T11:16:19","guid":{"rendered":"http:\/\/audiesa.com\/?page_id=19"},"modified":"2017-11-16T11:16:19","modified_gmt":"2017-11-16T11:16:19","slug":"equipo","status":"publish","type":"page","link":"http:\/\/audiesa.com\/?page_id=19","title":{"rendered":"Equipo"},"content":{"rendered":"<p>Para el desarrollo de su actividad, AUDITOR\u00cdA Y DIAGN\u00d3STICO EMPRESARIAL, S.A., \u201cAUDIESA\u201d cuenta con una plantilla de m\u00e1s de veinte personas, en su pr\u00e1ctica totalidad con titulaci\u00f3n universitaria.<\/p>\n<p>Los profesionales que forman parte del departamento de Auditor\u00eda, el cu\u00e1l est\u00e1 formado por quince personas, cuentan con al menos cuatro a\u00f1os de experiencia llegando a alcanzar algunos de ellos m\u00e1s de quince a\u00f1os de ejercicio profesional en esta materia. En el personal adscrito a dicho departamento es de destacar que todos (a excepci\u00f3n del personal administrativo) han realizado el Master de Especializaci\u00f3n en Auditor\u00eda de Cuentas. En particular, cuatro de las personas citadas figuran inscritas en el ROAC como auditores de cuentas en situaci\u00f3n de dependencia laboral respecto a AUDIESA.<\/p>\n<p>En virtud del manual de Calidad de Control Interno de la Firma, y con \u00e1nimo de dar cumplimiento a su contenido, es pol\u00edtica de la Sociedad la formaci\u00f3n y actualizaci\u00f3n constante de conocimientos de su personal, encaminada a un firme objetivo de servicio y dedicaci\u00f3n al cliente y con un compromiso de formaci\u00f3n continua que permita ofrecer al cliente las mejores soluciones en cada momento y situaci\u00f3n planteada.<\/p>\n<p>Para poder ofrecer un servicio de calidad en el desarrollo de todos nuestros trabajos, la firma sigue la pol\u00edtica de formaci\u00f3n y actualizaci\u00f3n constante de todo su personal, en cuanto a la normativa y pr\u00e1ctica de todas aquellas cuestiones relacionadas con sus \u00e1reas de desarrollo profesional. Tal objetivo se logra, adem\u00e1s de con la formaci\u00f3n interna, a trav\u00e9s de la asistencia a cursos, seminarios, congresos, jornadas, etc, organizadas por las corporaciones de auditor\u00eda y dem\u00e1s entidades vinculadas a nuestra actividad, las cuales est\u00e1n homologadas a los efectos de cumplimiento de la normativa de formaci\u00f3n obligatoria establecida por el Instituto de Contabilidad y Auditor\u00eda de Cuentas (ICAC).<\/p>\n<p>Asimismo, y para aquellas cuestiones que as\u00ed lo requieren, colaboramos de manera continuada y preestablecida con otros profesionales de distintas \u00e1reas, tales como abogados, asesores laborales, ingenieros y arquitectos, por citar algunos de diferentes \u00e1reas.<\/p>\n","protected":false},"excerpt":{"rendered":"<p>Para el desarrollo de su actividad, AUDITOR\u00cdA Y DIAGN\u00d3STICO EMPRESARIAL, S.A., \u201cAUDIESA\u201d cuenta con una plantilla de m\u00e1s de veinte personas, en su pr\u00e1ctica totalidad con titulaci\u00f3n universitaria. Los profesionales que forman parte del departamento de Auditor\u00eda, el cu\u00e1l est\u00e1 formado por quince personas, cuentan con al menos cuatro a\u00f1os de experiencia llegando a alcanzar &hellip; <\/p>\n<p class=\"link-more\"><a href=\"http:\/\/audiesa.com\/?page_id=19\" class=\"more-link\">Continuar leyendo<span class=\"screen-reader-text\"> \u00abEquipo\u00bb<\/span><\/a><\/p>\n","protected":false},"author":1,"featured_media":0,"parent":0,"menu_order":0,"comment_status":"closed","ping_status":"closed","template":"","meta":{"footnotes":""},"_links":{"self":[{"href":"http:\/\/audiesa.com\/index.php?rest_route=\/wp\/v2\/pages\/19"}],"collection":[{"href":"http:\/\/audiesa.com\/index.php?rest_route=\/wp\/v2\/pages"}],"about":[{"href":"http:\/\/audiesa.com\/index.php?rest_route=\/wp\/v2\/types\/page"}],"author":[{"embeddable":true,"href":"http:\/\/audiesa.com\/index.php?rest_route=\/wp\/v2\/users\/1"}],"replies":[{"embeddable":true,"href":"http:\/\/audiesa.com\/index.php?rest_route=%2Fwp%2Fv2%2Fcomments&post=19"}],"version-history":[{"count":1,"href":"http:\/\/audiesa.com\/index.php?rest_route=\/wp\/v2\/pages\/19\/revisions"}],"predecessor-version":[{"id":20,"href":"http:\/\/audiesa.com\/index.php?rest_route=\/wp\/v2\/pages\/19\/revisions\/20"}],"wp:attachment":[{"href":"http:\/\/audiesa.com\/index.php?rest_route=%2Fwp%2Fv2%2Fmedia&parent=19"}],"curies":[{"name":"wp","href":"https:\/\/api.w.org\/{rel}","templated":true}]}}